{"id":8,"date":"2024-04-16T11:16:04","date_gmt":"2024-04-16T11:16:04","guid":{"rendered":"https:\/\/ilsaleartcafe.com\/?page_id=8"},"modified":"2024-04-16T13:55:52","modified_gmt":"2024-04-16T13:55:52","slug":"home","status":"publish","type":"page","link":"https:\/\/ilsaleartcafe.com\/","title":{"rendered":"Home"},"content":{"rendered":"\t\t<div data-elementor-type=\"wp-page\" data-elementor-id=\"8\" class=\"elementor elementor-8\">\n\t\t\t\t<div class=\"elementor-element elementor-element-829b621 e-flex e-con-boxed e-con e-parent\" data-id=\"829b621\" data-element_type=\"container\" data-e-type=\"container\" data-settings=\"{&quot;tmea_shape_divider_top&quot;:&quot;none&quot;,&quot;tmea_shape_divider_bottom&quot;:&quot;none&quot;}\">\n\t\t\t\t\t<div class=\"e-con-inner\">\n\t\t<div class=\"elementor-element elementor-element-f7774f3 e-con-full e-flex e-con e-child\" data-id=\"f7774f3\" data-element_type=\"container\" data-e-type=\"container\" data-settings=\"{&quot;tmea_shape_divider_top&quot;:&quot;none&quot;,&quot;tmea_shape_divider_bottom&quot;:&quot;none&quot;}\">\n\t\t\t\t<div class=\"elementor-element elementor-element-23b6b34 elementor-widget elementor-widget-image\" data-id=\"23b6b34\" data-element_type=\"widget\" data-e-type=\"widget\" data-widget_type=\"image.default\">\n\t\t\t\t<div class=\"elementor-widget-container\">\n\t\t\t\t\t\t\t\t\t\t\t\t\t\t\t\t<a href=\"https:\/\/ilsale.info\/\">\n\t\t\t\t\t\t\t<img decoding=\"async\" width=\"200\" height=\"200\" src=\"https:\/\/ilsaleartcafe.com\/wp-content\/uploads\/2024\/04\/LOGO-NUOVO-IL-SALE.jpg\" class=\"attachment-large size-large wp-image-81\" alt=\"\" srcset=\"https:\/\/ilsaleartcafe.com\/wp-content\/uploads\/2024\/04\/LOGO-NUOVO-IL-SALE.jpg 200w, https:\/\/ilsaleartcafe.com\/wp-content\/uploads\/2024\/04\/LOGO-NUOVO-IL-SALE-150x150.jpg 150w\" sizes=\"(max-width: 200px) 100vw, 200px\" \/>\t\t\t\t\t\t\t\t<\/a>\n\t\t\t\t\t\t\t\t\t\t\t\t\t\t\t<\/div>\n\t\t\t\t<\/div>\n\t\t\t\t<\/div>\n\t\t<div class=\"elementor-element elementor-element-1be5f4d e-con-full e-flex e-con e-child\" data-id=\"1be5f4d\" data-element_type=\"container\" data-e-type=\"container\" data-settings=\"{&quot;tmea_shape_divider_top&quot;:&quot;none&quot;,&quot;tmea_shape_divider_bottom&quot;:&quot;none&quot;}\">\n\t\t\t\t<div class=\"elementor-element elementor-element-131502e elementor-widget elementor-widget-image\" data-id=\"131502e\" data-element_type=\"widget\" data-e-type=\"widget\" data-widget_type=\"image.default\">\n\t\t\t\t<div class=\"elementor-widget-container\">\n\t\t\t\t\t\t\t\t\t\t\t\t\t\t\t\t<a href=\"https:\/\/curtigghiu.com\">\n\t\t\t\t\t\t\t<img decoding=\"async\" width=\"300\" height=\"101\" src=\"https:\/\/ilsaleartcafe.com\/wp-content\/uploads\/2024\/04\/curtigghiu_logo.jpg\" class=\"attachment-large size-large wp-image-79\" alt=\"\" \/>\t\t\t\t\t\t\t\t<\/a>\n\t\t\t\t\t\t\t\t\t\t\t\t\t\t\t<\/div>\n\t\t\t\t<\/div>\n\t\t\t\t<\/div>\n\t\t\t\t\t<\/div>\n\t\t\t\t<\/div>\n\t\t<div class=\"elementor-element elementor-element-d36e8e5 e-flex e-con-boxed e-con e-parent\" data-id=\"d36e8e5\" data-element_type=\"container\" data-e-type=\"container\" data-settings=\"{&quot;tmea_shape_divider_top&quot;:&quot;none&quot;,&quot;tmea_shape_divider_bottom&quot;:&quot;none&quot;}\">\n\t\t\t\t\t<div class=\"e-con-inner\">\n\t\t\n\t\t<div class=\"elementor-element elementor-element-ac5112a elementor-widget elementor-widget-text-editor\" data-id=\"ac5112a\" data-element_type=\"widget\" data-e-type=\"widget\" data-widget_type=\"text-editor.default\">\n\t\t\t\t<div class=\"elementor-widget-container\">\n\t\t\t\t\t\t\t\t\t<p><strong>Sale Art<\/strong> \u00e8 un brand che racchiude, ad oggi, diverse proposte di ristorazione accomunate dalla ricerca della buona tavola e della convivialit\u00e0:<\/p><p><b>Il Sale<\/b>, da quasi vent&#8217;anni punto di riferimento in citt\u00e0 per la qualit\u00e0 e la ricercatezza dei piatti e delle pizze.<\/p><p><b>Curtigghiu Catania<\/b>, un sud bistrot, elegante, ma alla portata di tutti, verace, ma dall&#8217;atmosfera rilassata e cordiale<\/p><p><b>Curtigghiu Palermo<\/b> e <b>Curtigghiu Portali<\/b>, gemelli del progetto catanese.<\/p>\t\t\t\t\t\t\t\t<\/div>\n\t\t\t\t<\/div>\n\t\t\t\t\t<\/div>\n\t\t\t\t<\/div>\n\t\t<div class=\"elementor-element elementor-element-2e06609 e-flex e-con-boxed e-con e-parent\" data-id=\"2e06609\" data-element_type=\"container\" data-e-type=\"container\" data-settings=\"{&quot;tmea_shape_divider_top&quot;:&quot;none&quot;,&quot;tmea_shape_divider_bottom&quot;:&quot;none&quot;}\">\n\t\t\t\t\t<div class=\"e-con-inner\">\n\t\t\t\t<div class=\"elementor-element elementor-element-50a0a59 elementor-widget elementor-widget-heading\" data-id=\"50a0a59\" data-element_type=\"widget\" data-e-type=\"widget\" data-widget_type=\"heading.default\">\n\t\t\t\t<div class=\"elementor-widget-container\">\n\t\t\t\t\t<h2 class=\"elementor-heading-title elementor-size-default\">ESPLORA LE NOSTRE PROPOSTE<\/h2>\t\t\t\t<\/div>\n\t\t\t\t<\/div>\n\t\t\t\t<div class=\"elementor-element elementor-element-5cad808 elementor-widget elementor-widget-heading\" data-id=\"5cad808\" data-element_type=\"widget\" data-e-type=\"widget\" data-widget_type=\"heading.default\">\n\t\t\t\t<div class=\"elementor-widget-container\">\n\t\t\t\t\t<h3 class=\"elementor-heading-title elementor-size-default\">Il Sale<\/h3>\t\t\t\t<\/div>\n\t\t\t\t<\/div>\n\t\t\t\t<div class=\"elementor-element elementor-element-74c1460 elementor-widget elementor-widget-text-editor\" data-id=\"74c1460\" data-element_type=\"widget\" data-e-type=\"widget\" data-widget_type=\"text-editor.default\">\n\t\t\t\t<div class=\"elementor-widget-container\">\n\t\t\t\t\t\t\t\t\t<p>Inoltrarsi tra i sapori della nostra terra \u00e8 un viaggio che si snoda tra sentieri battuti e percorsi ancora da esplorare. Con la tradizione come memoria e lonstra idea di cucina come bussola, da ormai vent&#8217;anni Il Sale \u00e8 un punto di riferimento tra i ristoranti in via S. Filomena per chi abbia voglia non solo di sedersi a tavola, ma intraprendere questo viaggio con noi: tra ricette sempre nuove, inediti accostamenti e ottimi cincin.<\/p><p>Al Sale si affianca IANCU &#8211; Inside Dinner Bar, il nostro American Bar aperto dal mercoled\u00ec alla domenica, con drink esclusivi e food selection in abbinamento<\/p>\t\t\t\t\t\t\t\t<\/div>\n\t\t\t\t<\/div>\n\t\t\t\t<div class=\"elementor-element elementor-element-63dd47b elementor-align-center elementor-widget elementor-widget-button\" data-id=\"63dd47b\" data-element_type=\"widget\" data-e-type=\"widget\" data-widget_type=\"button.default\">\n\t\t\t\t<div class=\"elementor-widget-container\">\n\t\t\t\t\t\t\t\t\t<div class=\"elementor-button-wrapper\">\n\t\t\t\t\t<a class=\"elementor-button elementor-button-link elementor-size-sm\" href=\"https:\/\/reservation.dish.co\/landingPage\/hydra-7f7185ec-d20c-47a7-bebe-876d19194424\">\n\t\t\t\t\t\t<span class=\"elementor-button-content-wrapper\">\n\t\t\t\t\t\t\t\t\t<span class=\"elementor-button-text\">Prenota al Sale<\/span>\n\t\t\t\t\t<\/span>\n\t\t\t\t\t<\/a>\n\t\t\t\t<\/div>\n\t\t\t\t\t\t\t\t<\/div>\n\t\t\t\t<\/div>\n\t\t\t\t<div class=\"elementor-element elementor-element-be11104 elementor-widget-divider--view-line elementor-widget elementor-widget-divider\" data-id=\"be11104\" data-element_type=\"widget\" data-e-type=\"widget\" data-widget_type=\"divider.default\">\n\t\t\t\t<div class=\"elementor-widget-container\">\n\t\t\t\t\t\t\t<div class=\"elementor-divider\">\n\t\t\t<span class=\"elementor-divider-separator\">\n\t\t\t\t\t\t<\/span>\n\t\t<\/div>\n\t\t\t\t\t\t<\/div>\n\t\t\t\t<\/div>\n\t\t\t\t<div class=\"elementor-element elementor-element-acb2e78 elementor-widget elementor-widget-heading\" data-id=\"acb2e78\" data-element_type=\"widget\" data-e-type=\"widget\" data-widget_type=\"heading.default\">\n\t\t\t\t<div class=\"elementor-widget-container\">\n\t\t\t\t\t<h3 class=\"elementor-heading-title elementor-size-default\">Curtigghiu - Catania<\/h3>\t\t\t\t<\/div>\n\t\t\t\t<\/div>\n\t\t\t\t<div class=\"elementor-element elementor-element-54b6cf7 elementor-widget elementor-widget-text-editor\" data-id=\"54b6cf7\" data-element_type=\"widget\" data-e-type=\"widget\" data-widget_type=\"text-editor.default\">\n\t\t\t\t<div class=\"elementor-widget-container\">\n\t\t\t\t\t\t\t\t\t<p>&#8220;Cucina e Chiacchiere&#8221;, questo \u00e8 il nostro motto, il mood del nostro Bistrot tutto dedicato al SUD ed alla sua cucina verace, tradizionale, saporita e mai banale. Un valore da trasmettere agli ospiti ogni giorno, favorendone la convivialit\u00e0, le relazioni e la gioia di stare insieme.<br \/>Portate abbondanti e saporite nella loro semplicit\u00e0 che ricordino una tradizionale riunione di famiglia, e una location dove sentirsi accolti e come a casa propria.<br \/>Un men\u00f9 che \u00e8 un ponte immaginario tra Roma e la Sicilia, che abbraccia tutto il sud, interpretandone tradizioni, gusti e&#8230; quantit\u00e0!<\/p>\t\t\t\t\t\t\t\t<\/div>\n\t\t\t\t<\/div>\n\t\t\t\t<div class=\"elementor-element elementor-element-cdd870d elementor-align-center elementor-widget elementor-widget-button\" data-id=\"cdd870d\" data-element_type=\"widget\" data-e-type=\"widget\" data-widget_type=\"button.default\">\n\t\t\t\t<div class=\"elementor-widget-container\">\n\t\t\t\t\t\t\t\t\t<div class=\"elementor-button-wrapper\">\n\t\t\t\t\t<a class=\"elementor-button elementor-button-link elementor-size-sm\" href=\"https:\/\/curtigghiu.com\/it\/catania\/\">\n\t\t\t\t\t\t<span class=\"elementor-button-content-wrapper\">\n\t\t\t\t\t\t\t\t\t<span class=\"elementor-button-text\">Prenota<\/span>\n\t\t\t\t\t<\/span>\n\t\t\t\t\t<\/a>\n\t\t\t\t<\/div>\n\t\t\t\t\t\t\t\t<\/div>\n\t\t\t\t<\/div>\n\t\t\t\t<div class=\"elementor-element elementor-element-316ca1d elementor-widget-divider--view-line elementor-widget elementor-widget-divider\" data-id=\"316ca1d\" data-element_type=\"widget\" data-e-type=\"widget\" data-widget_type=\"divider.default\">\n\t\t\t\t<div class=\"elementor-widget-container\">\n\t\t\t\t\t\t\t<div class=\"elementor-divider\">\n\t\t\t<span class=\"elementor-divider-separator\">\n\t\t\t\t\t\t<\/span>\n\t\t<\/div>\n\t\t\t\t\t\t<\/div>\n\t\t\t\t<\/div>\n\t\t\t\t<div class=\"elementor-element elementor-element-b48eccb elementor-widget elementor-widget-heading\" data-id=\"b48eccb\" data-element_type=\"widget\" data-e-type=\"widget\" data-widget_type=\"heading.default\">\n\t\t\t\t<div class=\"elementor-widget-container\">\n\t\t\t\t\t<h3 class=\"elementor-heading-title elementor-size-default\">Curtigghiu - Palermo<\/h3>\t\t\t\t<\/div>\n\t\t\t\t<\/div>\n\t\t\t\t<div class=\"elementor-element elementor-element-4bdf887 elementor-widget elementor-widget-text-editor\" data-id=\"4bdf887\" data-element_type=\"widget\" data-e-type=\"widget\" data-widget_type=\"text-editor.default\">\n\t\t\t\t<div class=\"elementor-widget-container\">\n\t\t\t\t\t\t\t\t\t<p>Sulla scia del successo del bistrot catanese, nasce il Curtigghiu Palermo, ristorante e pinseria.<br \/>A pochi passi dal teatro Massimo, con il desiderio di fare conoscere la nostra realt\u00e0 tanto a cittadini quanto a turisti, proponiamo il meglio della cucina del Sud Italia con particolare attenzione ai primi romani, nostri best seller.<br \/>Un men\u00f9 ricco di proposte, kids friendly e gluten free, completato da panini in versione cucciddatu e una selezione di pinse romane.<\/p>\t\t\t\t\t\t\t\t<\/div>\n\t\t\t\t<\/div>\n\t\t\t\t<div class=\"elementor-element elementor-element-c69b520 elementor-align-center elementor-widget elementor-widget-button\" data-id=\"c69b520\" data-element_type=\"widget\" data-e-type=\"widget\" data-widget_type=\"button.default\">\n\t\t\t\t<div class=\"elementor-widget-container\">\n\t\t\t\t\t\t\t\t\t<div class=\"elementor-button-wrapper\">\n\t\t\t\t\t<a class=\"elementor-button elementor-button-link elementor-size-sm\" href=\"https:\/\/curtigghiu.com\/it\/palermo\/\">\n\t\t\t\t\t\t<span class=\"elementor-button-content-wrapper\">\n\t\t\t\t\t\t\t\t\t<span class=\"elementor-button-text\">Prenota<\/span>\n\t\t\t\t\t<\/span>\n\t\t\t\t\t<\/a>\n\t\t\t\t<\/div>\n\t\t\t\t\t\t\t\t<\/div>\n\t\t\t\t<\/div>\n\t\t\t\t<div class=\"elementor-element elementor-element-afce475 elementor-widget-divider--view-line elementor-widget elementor-widget-divider\" data-id=\"afce475\" data-element_type=\"widget\" data-e-type=\"widget\" data-widget_type=\"divider.default\">\n\t\t\t\t<div class=\"elementor-widget-container\">\n\t\t\t\t\t\t\t<div class=\"elementor-divider\">\n\t\t\t<span class=\"elementor-divider-separator\">\n\t\t\t\t\t\t<\/span>\n\t\t<\/div>\n\t\t\t\t\t\t<\/div>\n\t\t\t\t<\/div>\n\t\t\t\t<div class=\"elementor-element elementor-element-de705f7 elementor-widget elementor-widget-heading\" data-id=\"de705f7\" data-element_type=\"widget\" data-e-type=\"widget\" data-widget_type=\"heading.default\">\n\t\t\t\t<div class=\"elementor-widget-container\">\n\t\t\t\t\t<h3 class=\"elementor-heading-title elementor-size-default\">Curtigghiu - Portali<\/h3>\t\t\t\t<\/div>\n\t\t\t\t<\/div>\n\t\t\t\t<div class=\"elementor-element elementor-element-5d2f0d6 elementor-widget elementor-widget-text-editor\" data-id=\"5d2f0d6\" data-element_type=\"widget\" data-e-type=\"widget\" data-widget_type=\"text-editor.default\">\n\t\t\t\t<div class=\"elementor-widget-container\">\n\t\t\t\t\t\t\t\t\t<p>Curtigghiu presso il Parco Commerciale I Portali si fa in tre: con uno spazio ancora pi\u00f9 grande, al men\u00f9 tradizionale di &#8220;Cucina e chiacchiere&#8221; si accostano le proposte dolci di &#8220;Pane e zucchero&#8221;, l&#8217;angolo delle merende in stile Curtigghiu, e &#8220;Pizzainpala&#8221;, il nostro forno per pizze, focacce e molto di pi\u00f9. Da consumare il loco ma anche per pause veloci: prova uno dei nostri prodotti da banco o prenota in delivery o take away.<\/p>\t\t\t\t\t\t\t\t<\/div>\n\t\t\t\t<\/div>\n\t\t\t\t<div class=\"elementor-element elementor-element-d82ce28 elementor-align-center elementor-widget elementor-widget-button\" data-id=\"d82ce28\" data-element_type=\"widget\" data-e-type=\"widget\" data-widget_type=\"button.default\">\n\t\t\t\t<div class=\"elementor-widget-container\">\n\t\t\t\t\t\t\t\t\t<div class=\"elementor-button-wrapper\">\n\t\t\t\t\t<a class=\"elementor-button elementor-button-link elementor-size-sm\" href=\"https:\/\/curtigghiu.com\/it\/palermo\/\">\n\t\t\t\t\t\t<span class=\"elementor-button-content-wrapper\">\n\t\t\t\t\t\t\t\t\t<span class=\"elementor-button-text\">Prenota<\/span>\n\t\t\t\t\t<\/span>\n\t\t\t\t\t<\/a>\n\t\t\t\t<\/div>\n\t\t\t\t\t\t\t\t<\/div>\n\t\t\t\t<\/div>\n\t\t\t\t\t<\/div>\n\t\t\t\t<\/div>\n\t\t\t\t<\/div>\n\t\t","protected":false},"excerpt":{"rendered":"<p>Sale Art \u00e8 un brand che racchiude, ad oggi, diverse proposte di ristorazione accomunate dalla ricerca della buona tavola e della convivialit\u00e0: Il Sale, da quasi vent&#8217;anni punto di riferimento in citt\u00e0 per la qualit\u00e0 e la ricercatezza dei piatti e delle pizze. Curtigghiu Catania, un sud bistrot, elegante, ma alla portata di tutti, verace, [&hellip;]<\/p>\n","protected":false},"author":1,"featured_media":0,"parent":0,"menu_order":0,"comment_status":"closed","ping_status":"closed","template":"","meta":{"footnotes":""},"class_list":["post-8","page","type-page","status-publish","hentry"],"yoast_head":"<!-- This site is optimized with the Yoast SEO plugin v27.2 - https:\/\/yoast.com\/product\/yoast-seo-wordpress\/ -->\n<title>Home - Il Sale Art Caf\u00e8<\/title>\n<meta name=\"robots\" content=\"index, follow, max-snippet:-1, max-image-preview:large, max-video-preview:-1\" \/>\n<link rel=\"canonical\" href=\"https:\/\/ilsaleartcafe.com\/\" \/>\n<meta property=\"og:locale\" content=\"it_IT\" \/>\n<meta property=\"og:type\" content=\"article\" \/>\n<meta property=\"og:title\" content=\"Home - Il Sale Art Caf\u00e8\" \/>\n<meta property=\"og:description\" content=\"Sale Art \u00e8 un brand che racchiude, ad oggi, diverse proposte di ristorazione accomunate dalla ricerca della buona tavola e della convivialit\u00e0: Il Sale, da quasi vent&#8217;anni punto di riferimento in citt\u00e0 per la qualit\u00e0 e la ricercatezza dei piatti e delle pizze. Curtigghiu Catania, un sud bistrot, elegante, ma alla portata di tutti, verace, [&hellip;]\" \/>\n<meta property=\"og:url\" content=\"https:\/\/ilsaleartcafe.com\/\" \/>\n<meta property=\"og:site_name\" content=\"Il Sale Art Caf\u00e8\" \/>\n<meta property=\"article:modified_time\" content=\"2024-04-16T13:55:52+00:00\" \/>\n<meta property=\"og:image\" content=\"https:\/\/ilsaleartcafe.com\/wp-content\/uploads\/2024\/04\/LOGO-NUOVO-IL-SALE.jpg\" \/>\n<meta name=\"twitter:card\" content=\"summary_large_image\" \/>\n<script type=\"application\/ld+json\" class=\"yoast-schema-graph\">{\"@context\":\"https:\/\/schema.org\",\"@graph\":[{\"@type\":\"WebPage\",\"@id\":\"https:\/\/ilsaleartcafe.com\/\",\"url\":\"https:\/\/ilsaleartcafe.com\/\",\"name\":\"Home - Il Sale Art Caf\u00e8\",\"isPartOf\":{\"@id\":\"https:\/\/ilsaleartcafe.com\/#website\"},\"primaryImageOfPage\":{\"@id\":\"https:\/\/ilsaleartcafe.com\/#primaryimage\"},\"image\":{\"@id\":\"https:\/\/ilsaleartcafe.com\/#primaryimage\"},\"thumbnailUrl\":\"https:\/\/ilsaleartcafe.com\/wp-content\/uploads\/2024\/04\/LOGO-NUOVO-IL-SALE.jpg\",\"datePublished\":\"2024-04-16T11:16:04+00:00\",\"dateModified\":\"2024-04-16T13:55:52+00:00\",\"breadcrumb\":{\"@id\":\"https:\/\/ilsaleartcafe.com\/#breadcrumb\"},\"inLanguage\":\"it-IT\",\"potentialAction\":[{\"@type\":\"ReadAction\",\"target\":[\"https:\/\/ilsaleartcafe.com\/\"]}]},{\"@type\":\"ImageObject\",\"inLanguage\":\"it-IT\",\"@id\":\"https:\/\/ilsaleartcafe.com\/#primaryimage\",\"url\":\"https:\/\/ilsaleartcafe.com\/wp-content\/uploads\/2024\/04\/LOGO-NUOVO-IL-SALE.jpg\",\"contentUrl\":\"https:\/\/ilsaleartcafe.com\/wp-content\/uploads\/2024\/04\/LOGO-NUOVO-IL-SALE.jpg\",\"width\":200,\"height\":200},{\"@type\":\"BreadcrumbList\",\"@id\":\"https:\/\/ilsaleartcafe.com\/#breadcrumb\",\"itemListElement\":[{\"@type\":\"ListItem\",\"position\":1,\"name\":\"Home\",\"item\":\"https:\/\/ilsaleartcafe.com\/\"},{\"@type\":\"ListItem\",\"position\":2,\"name\":\"Home\"}]},{\"@type\":\"WebSite\",\"@id\":\"https:\/\/ilsaleartcafe.com\/#website\",\"url\":\"https:\/\/ilsaleartcafe.com\/\",\"name\":\"Il Sale Art Caf\u00e8\",\"description\":\"\",\"publisher\":{\"@id\":\"https:\/\/ilsaleartcafe.com\/#organization\"},\"potentialAction\":[{\"@type\":\"SearchAction\",\"target\":{\"@type\":\"EntryPoint\",\"urlTemplate\":\"https:\/\/ilsaleartcafe.com\/?s={search_term_string}\"},\"query-input\":{\"@type\":\"PropertyValueSpecification\",\"valueRequired\":true,\"valueName\":\"search_term_string\"}}],\"inLanguage\":\"it-IT\"},{\"@type\":\"Organization\",\"@id\":\"https:\/\/ilsaleartcafe.com\/#organization\",\"name\":\"Il Sale Art Caf\u00e8\",\"url\":\"https:\/\/ilsaleartcafe.com\/\",\"logo\":{\"@type\":\"ImageObject\",\"inLanguage\":\"it-IT\",\"@id\":\"https:\/\/ilsaleartcafe.com\/#\/schema\/logo\/image\/\",\"url\":\"https:\/\/ilsaleartcafe.com\/wp-content\/uploads\/2024\/05\/cropped-logo_sale_art.png\",\"contentUrl\":\"https:\/\/ilsaleartcafe.com\/wp-content\/uploads\/2024\/05\/cropped-logo_sale_art.png\",\"width\":614,\"height\":173,\"caption\":\"Il Sale Art Caf\u00e8\"},\"image\":{\"@id\":\"https:\/\/ilsaleartcafe.com\/#\/schema\/logo\/image\/\"}}]}<\/script>\n<!-- \/ Yoast SEO plugin. -->","yoast_head_json":{"title":"Home - Il Sale Art Caf\u00e8","robots":{"index":"index","follow":"follow","max-snippet":"max-snippet:-1","max-image-preview":"max-image-preview:large","max-video-preview":"max-video-preview:-1"},"canonical":"https:\/\/ilsaleartcafe.com\/","og_locale":"it_IT","og_type":"article","og_title":"Home - Il Sale Art Caf\u00e8","og_description":"Sale Art \u00e8 un brand che racchiude, ad oggi, diverse proposte di ristorazione accomunate dalla ricerca della buona tavola e della convivialit\u00e0: Il Sale, da quasi vent&#8217;anni punto di riferimento in citt\u00e0 per la qualit\u00e0 e la ricercatezza dei piatti e delle pizze. Curtigghiu Catania, un sud bistrot, elegante, ma alla portata di tutti, verace, [&hellip;]","og_url":"https:\/\/ilsaleartcafe.com\/","og_site_name":"Il Sale Art Caf\u00e8","article_modified_time":"2024-04-16T13:55:52+00:00","og_image":[{"url":"https:\/\/ilsaleartcafe.com\/wp-content\/uploads\/2024\/04\/LOGO-NUOVO-IL-SALE.jpg","type":"","width":"","height":""}],"twitter_card":"summary_large_image","schema":{"@context":"https:\/\/schema.org","@graph":[{"@type":"WebPage","@id":"https:\/\/ilsaleartcafe.com\/","url":"https:\/\/ilsaleartcafe.com\/","name":"Home - Il Sale Art Caf\u00e8","isPartOf":{"@id":"https:\/\/ilsaleartcafe.com\/#website"},"primaryImageOfPage":{"@id":"https:\/\/ilsaleartcafe.com\/#primaryimage"},"image":{"@id":"https:\/\/ilsaleartcafe.com\/#primaryimage"},"thumbnailUrl":"https:\/\/ilsaleartcafe.com\/wp-content\/uploads\/2024\/04\/LOGO-NUOVO-IL-SALE.jpg","datePublished":"2024-04-16T11:16:04+00:00","dateModified":"2024-04-16T13:55:52+00:00","breadcrumb":{"@id":"https:\/\/ilsaleartcafe.com\/#breadcrumb"},"inLanguage":"it-IT","potentialAction":[{"@type":"ReadAction","target":["https:\/\/ilsaleartcafe.com\/"]}]},{"@type":"ImageObject","inLanguage":"it-IT","@id":"https:\/\/ilsaleartcafe.com\/#primaryimage","url":"https:\/\/ilsaleartcafe.com\/wp-content\/uploads\/2024\/04\/LOGO-NUOVO-IL-SALE.jpg","contentUrl":"https:\/\/ilsaleartcafe.com\/wp-content\/uploads\/2024\/04\/LOGO-NUOVO-IL-SALE.jpg","width":200,"height":200},{"@type":"BreadcrumbList","@id":"https:\/\/ilsaleartcafe.com\/#breadcrumb","itemListElement":[{"@type":"ListItem","position":1,"name":"Home","item":"https:\/\/ilsaleartcafe.com\/"},{"@type":"ListItem","position":2,"name":"Home"}]},{"@type":"WebSite","@id":"https:\/\/ilsaleartcafe.com\/#website","url":"https:\/\/ilsaleartcafe.com\/","name":"Il Sale Art Caf\u00e8","description":"","publisher":{"@id":"https:\/\/ilsaleartcafe.com\/#organization"},"potentialAction":[{"@type":"SearchAction","target":{"@type":"EntryPoint","urlTemplate":"https:\/\/ilsaleartcafe.com\/?s={search_term_string}"},"query-input":{"@type":"PropertyValueSpecification","valueRequired":true,"valueName":"search_term_string"}}],"inLanguage":"it-IT"},{"@type":"Organization","@id":"https:\/\/ilsaleartcafe.com\/#organization","name":"Il Sale Art Caf\u00e8","url":"https:\/\/ilsaleartcafe.com\/","logo":{"@type":"ImageObject","inLanguage":"it-IT","@id":"https:\/\/ilsaleartcafe.com\/#\/schema\/logo\/image\/","url":"https:\/\/ilsaleartcafe.com\/wp-content\/uploads\/2024\/05\/cropped-logo_sale_art.png","contentUrl":"https:\/\/ilsaleartcafe.com\/wp-content\/uploads\/2024\/05\/cropped-logo_sale_art.png","width":614,"height":173,"caption":"Il Sale Art Caf\u00e8"},"image":{"@id":"https:\/\/ilsaleartcafe.com\/#\/schema\/logo\/image\/"}}]}},"_links":{"self":[{"href":"https:\/\/ilsaleartcafe.com\/index.php\/wp-json\/wp\/v2\/pages\/8","targetHints":{"allow":["GET"]}}],"collection":[{"href":"https:\/\/ilsaleartcafe.com\/index.php\/wp-json\/wp\/v2\/pages"}],"about":[{"href":"https:\/\/ilsaleartcafe.com\/index.php\/wp-json\/wp\/v2\/types\/page"}],"author":[{"embeddable":true,"href":"https:\/\/ilsaleartcafe.com\/index.php\/wp-json\/wp\/v2\/users\/1"}],"replies":[{"embeddable":true,"href":"https:\/\/ilsaleartcafe.com\/index.php\/wp-json\/wp\/v2\/comments?post=8"}],"version-history":[{"count":78,"href":"https:\/\/ilsaleartcafe.com\/index.php\/wp-json\/wp\/v2\/pages\/8\/revisions"}],"predecessor-version":[{"id":130,"href":"https:\/\/ilsaleartcafe.com\/index.php\/wp-json\/wp\/v2\/pages\/8\/revisions\/130"}],"wp:attachment":[{"href":"https:\/\/ilsaleartcafe.com\/index.php\/wp-json\/wp\/v2\/media?parent=8"}],"curies":[{"name":"wp","href":"https:\/\/api.w.org\/{rel}","templated":true}]}}